{"id":24,"date":"2017-08-01T03:05:25","date_gmt":"2017-08-01T03:05:25","guid":{"rendered":"http:\/\/www.repaircafe.nc\/?page_id=24"},"modified":"2019-01-27T02:36:27","modified_gmt":"2019-01-27T02:36:27","slug":"le-reglement","status":"publish","type":"page","link":"https:\/\/www.repaircafe.nc\/?page_id=24","title":{"rendered":"Le r\u00e8glement"},"content":{"rendered":"<p>Vous souhaitez b\u00e9n\u00e9ficier des services du Repair Caf\u00e9 ? Merci de prendre connaissance de notre r\u00e8glement pour profiter pleinement de ce moment utile et convivial :<\/p>\n<ul>\n<li>Les r\u00e9parations et activit\u00e9s au Repair Caf\u00e9 sont effectu\u00e9es gratuitement par des expert\u00b7e\u00b7s b\u00e9n\u00e9voles.<\/li>\n<li>Les visiteur\u00b7se\u00b7s effectuent autant que possible elles\u00b7eux-m\u00eames les r\u00e9parations, si n\u00e9cessaire avec l\u2019aide des expert\u00b7e\u00b7s en r\u00e9paration pr\u00e9sent\u00b7e\u00b7s.<\/li>\n<li>Ni les organisateur\u00b7rice\u00b7s du Repair Caf\u00e9 ni les r\u00e9parateur.rice\u00b7s ne peuvent \u00eatre tenu\u00b7e\u00b7s responsables des dommages \u00e9ventuels suite aux conseils ou instructions de r\u00e9paration donn\u00e9s, des dommages aux objets pr\u00e9sent\u00e9s pour \u00eatre r\u00e9par\u00e9s, des dommages cons\u00e9cutifs ou tout autre dommage d\u00e9coulant des activit\u00e9s au Repair Caf\u00e9.<\/li>\n<li>Une contribution \u00e0 votre discr\u00e9tion est particuli\u00e8rement appr\u00e9ci\u00e9e.<\/li>\n<li>Le mat\u00e9riel neuf utilis\u00e9, tels que fils \u00e9lectriques, fiches, fusibles, fourniture de mercerie, pi\u00e8ces diverses&#8230; est \u00e0 la charge du\u00b7de la visiteur\u00b7se.<\/li>\n<li>Les visiteur\u00b7se\u00b7s apportant des objets \u00e0 r\u00e9parer le font \u00e0 leurs risques.<\/li>\n<li>Les r\u00e9parateur\u00b7rice\u00b7s ne donnent aucune garantie sur les r\u00e9parations effectu\u00e9es avec leur aide et ne sont pas responsables d\u2019un \u00e9ventuel mauvais fonctionnement chez soi des objets r\u00e9par\u00e9s au Repair Caf\u00e9.<\/li>\n<li>Les r\u00e9parateur\u00b7rice\u00b7s se r\u00e9servent le droit de ne pas r\u00e9parer certains objets.<\/li>\n<li>Les r\u00e9parateur\u00b7rice\u00b7s n\u2019ont pas l\u2019obligation de remonter les appareils d\u00e9mont\u00e9s qui ne peuvent pas \u00eatre r\u00e9par\u00e9s.<\/li>\n<li>Les visiteur\u00b7se\u00b7s du Repair Caf\u00e9 sont responsables de l\u2019\u00e9limination appropri\u00e9e des objets cass\u00e9s irr\u00e9parables.<\/li>\n<li>Pour \u00e9viter une attente trop longue, un seul objet par personne sera examin\u00e9 en cas d\u2019affluence. Les visiteur\u00b7se\u00b7s referont la queue pour un second objet.<\/li>\n<\/ul>\n<p><img loading=\"lazy\" decoding=\"async\" class=\"alignnone size-full wp-image-81\" src=\"https:\/\/www.repaircafe.nc\/wp-content\/uploads\/2017\/08\/Repair-cafe-6.jpg\" alt=\"\" width=\"1200\" height=\"310\" srcset=\"https:\/\/www.repaircafe.nc\/wp-content\/uploads\/2017\/08\/Repair-cafe-6.jpg 1200w, https:\/\/www.repaircafe.nc\/wp-content\/uploads\/2017\/08\/Repair-cafe-6-300x78.jpg 300w, https:\/\/www.repaircafe.nc\/wp-content\/uploads\/2017\/08\/Repair-cafe-6-768x198.jpg 768w, https:\/\/www.repaircafe.nc\/wp-content\/uploads\/2017\/08\/Repair-cafe-6-1024x265.jpg 1024w, https:\/\/www.repaircafe.nc\/wp-content\/uploads\/2017\/08\/Repair-cafe-6-900x233.jpg 900w\" sizes=\"auto, (max-width: 1200px) 100vw, 1200px\" \/><\/p>\n","protected":false},"excerpt":{"rendered":"<p>Vous souhaitez b\u00e9n\u00e9ficier des services du Repair Caf\u00e9 ? Merci de prendre connaissance de notre r\u00e8glement pour profiter pleinement de ce moment utile et convivial : Les r\u00e9parations et activit\u00e9s au Repair Caf\u00e9 sont effectu\u00e9es gratuitement par des expert\u00b7e\u00b7s b\u00e9n\u00e9voles. Les visiteur\u00b7se\u00b7s effectuent autant que possible elles\u00b7eux-m\u00eames les r\u00e9parations, si n\u00e9cessaire avec l\u2019aide des expert\u00b7e\u00b7s [&hellip;]<\/p>\n","protected":false},"author":1,"featured_media":0,"parent":0,"menu_order":0,"comment_status":"closed","ping_status":"closed","template":"","meta":{"footnotes":""},"class_list":["post-24","page","type-page","status-publish","hentry"],"yoast_head":"<!-- This site is optimized with the Yoast SEO plugin v27.4 - https:\/\/yoast.com\/product\/yoast-seo-wordpress\/ -->\n<title>Le r\u00e8glement - Repair Caf\u00e9 Nouvelle-Cal\u00e9donie<\/title>\n<meta name=\"robots\" content=\"index, follow, max-snippet:-1, max-image-preview:large, max-video-preview:-1\" \/>\n<link rel=\"canonical\" href=\"https:\/\/www.repaircafe.nc\/?page_id=24\" \/>\n<meta property=\"og:locale\" content=\"fr_FR\" \/>\n<meta property=\"og:type\" content=\"article\" \/>\n<meta property=\"og:title\" content=\"Le r\u00e8glement - Repair Caf\u00e9 Nouvelle-Cal\u00e9donie\" \/>\n<meta property=\"og:description\" content=\"Vous souhaitez b\u00e9n\u00e9ficier des services du Repair Caf\u00e9 ? Merci de prendre connaissance de notre r\u00e8glement pour profiter pleinement de ce moment utile et convivial : Les r\u00e9parations et activit\u00e9s au Repair Caf\u00e9 sont effectu\u00e9es gratuitement par des expert\u00b7e\u00b7s b\u00e9n\u00e9voles. Les visiteur\u00b7se\u00b7s effectuent autant que possible elles\u00b7eux-m\u00eames les r\u00e9parations, si n\u00e9cessaire avec l\u2019aide des expert\u00b7e\u00b7s [&hellip;]\" \/>\n<meta property=\"og:url\" content=\"https:\/\/www.repaircafe.nc\/?page_id=24\" \/>\n<meta property=\"og:site_name\" content=\"Repair Caf\u00e9 Nouvelle-Cal\u00e9donie\" \/>\n<meta property=\"article:modified_time\" content=\"2019-01-27T02:36:27+00:00\" \/>\n<meta property=\"og:image\" content=\"https:\/\/www.repaircafe.nc\/wp-content\/uploads\/2017\/08\/Repair-cafe-6.jpg\" \/>\n<meta name=\"twitter:card\" content=\"summary_large_image\" \/>\n<meta name=\"twitter:label1\" content=\"Dur\u00e9e de lecture estim\u00e9e\" \/>\n\t<meta name=\"twitter:data1\" content=\"2 minutes\" \/>\n<script type=\"application\/ld+json\" class=\"yoast-schema-graph\">{\"@context\":\"https:\\\/\\\/schema.org\",\"@graph\":[{\"@type\":\"WebPage\",\"@id\":\"https:\\\/\\\/www.repaircafe.nc\\\/?page_id=24\",\"url\":\"https:\\\/\\\/www.repaircafe.nc\\\/?page_id=24\",\"name\":\"Le r\u00e8glement - Repair Caf\u00e9 Nouvelle-Cal\u00e9donie\",\"isPartOf\":{\"@id\":\"https:\\\/\\\/www.repaircafe.nc\\\/#website\"},\"primaryImageOfPage\":{\"@id\":\"https:\\\/\\\/www.repaircafe.nc\\\/?page_id=24#primaryimage\"},\"image\":{\"@id\":\"https:\\\/\\\/www.repaircafe.nc\\\/?page_id=24#primaryimage\"},\"thumbnailUrl\":\"https:\\\/\\\/www.repaircafe.nc\\\/wp-content\\\/uploads\\\/2017\\\/08\\\/Repair-cafe-6.jpg\",\"datePublished\":\"2017-08-01T03:05:25+00:00\",\"dateModified\":\"2019-01-27T02:36:27+00:00\",\"breadcrumb\":{\"@id\":\"https:\\\/\\\/www.repaircafe.nc\\\/?page_id=24#breadcrumb\"},\"inLanguage\":\"fr-FR\",\"potentialAction\":[{\"@type\":\"ReadAction\",\"target\":[\"https:\\\/\\\/www.repaircafe.nc\\\/?page_id=24\"]}]},{\"@type\":\"ImageObject\",\"inLanguage\":\"fr-FR\",\"@id\":\"https:\\\/\\\/www.repaircafe.nc\\\/?page_id=24#primaryimage\",\"url\":\"https:\\\/\\\/www.repaircafe.nc\\\/wp-content\\\/uploads\\\/2017\\\/08\\\/Repair-cafe-6.jpg\",\"contentUrl\":\"https:\\\/\\\/www.repaircafe.nc\\\/wp-content\\\/uploads\\\/2017\\\/08\\\/Repair-cafe-6.jpg\",\"width\":1200,\"height\":310},{\"@type\":\"BreadcrumbList\",\"@id\":\"https:\\\/\\\/www.repaircafe.nc\\\/?page_id=24#breadcrumb\",\"itemListElement\":[{\"@type\":\"ListItem\",\"position\":1,\"name\":\"Accueil\",\"item\":\"https:\\\/\\\/www.repaircafe.nc\\\/\"},{\"@type\":\"ListItem\",\"position\":2,\"name\":\"Le r\u00e8glement\"}]},{\"@type\":\"WebSite\",\"@id\":\"https:\\\/\\\/www.repaircafe.nc\\\/#website\",\"url\":\"https:\\\/\\\/www.repaircafe.nc\\\/\",\"name\":\"Repair Caf\u00e9 Nouvelle-Cal\u00e9donie\",\"description\":\"\",\"potentialAction\":[{\"@type\":\"SearchAction\",\"target\":{\"@type\":\"EntryPoint\",\"urlTemplate\":\"https:\\\/\\\/www.repaircafe.nc\\\/?s={search_term_string}\"},\"query-input\":{\"@type\":\"PropertyValueSpecification\",\"valueRequired\":true,\"valueName\":\"search_term_string\"}}],\"inLanguage\":\"fr-FR\"}]}<\/script>\n<!-- \/ Yoast SEO plugin. -->","yoast_head_json":{"title":"Le r\u00e8glement - Repair Caf\u00e9 Nouvelle-Cal\u00e9donie","robots":{"index":"index","follow":"follow","max-snippet":"max-snippet:-1","max-image-preview":"max-image-preview:large","max-video-preview":"max-video-preview:-1"},"canonical":"https:\/\/www.repaircafe.nc\/?page_id=24","og_locale":"fr_FR","og_type":"article","og_title":"Le r\u00e8glement - Repair Caf\u00e9 Nouvelle-Cal\u00e9donie","og_description":"Vous souhaitez b\u00e9n\u00e9ficier des services du Repair Caf\u00e9 ? Merci de prendre connaissance de notre r\u00e8glement pour profiter pleinement de ce moment utile et convivial : Les r\u00e9parations et activit\u00e9s au Repair Caf\u00e9 sont effectu\u00e9es gratuitement par des expert\u00b7e\u00b7s b\u00e9n\u00e9voles. Les visiteur\u00b7se\u00b7s effectuent autant que possible elles\u00b7eux-m\u00eames les r\u00e9parations, si n\u00e9cessaire avec l\u2019aide des expert\u00b7e\u00b7s [&hellip;]","og_url":"https:\/\/www.repaircafe.nc\/?page_id=24","og_site_name":"Repair Caf\u00e9 Nouvelle-Cal\u00e9donie","article_modified_time":"2019-01-27T02:36:27+00:00","og_image":[{"url":"https:\/\/www.repaircafe.nc\/wp-content\/uploads\/2017\/08\/Repair-cafe-6.jpg","type":"","width":"","height":""}],"twitter_card":"summary_large_image","twitter_misc":{"Dur\u00e9e de lecture estim\u00e9e":"2 minutes"},"schema":{"@context":"https:\/\/schema.org","@graph":[{"@type":"WebPage","@id":"https:\/\/www.repaircafe.nc\/?page_id=24","url":"https:\/\/www.repaircafe.nc\/?page_id=24","name":"Le r\u00e8glement - Repair Caf\u00e9 Nouvelle-Cal\u00e9donie","isPartOf":{"@id":"https:\/\/www.repaircafe.nc\/#website"},"primaryImageOfPage":{"@id":"https:\/\/www.repaircafe.nc\/?page_id=24#primaryimage"},"image":{"@id":"https:\/\/www.repaircafe.nc\/?page_id=24#primaryimage"},"thumbnailUrl":"https:\/\/www.repaircafe.nc\/wp-content\/uploads\/2017\/08\/Repair-cafe-6.jpg","datePublished":"2017-08-01T03:05:25+00:00","dateModified":"2019-01-27T02:36:27+00:00","breadcrumb":{"@id":"https:\/\/www.repaircafe.nc\/?page_id=24#breadcrumb"},"inLanguage":"fr-FR","potentialAction":[{"@type":"ReadAction","target":["https:\/\/www.repaircafe.nc\/?page_id=24"]}]},{"@type":"ImageObject","inLanguage":"fr-FR","@id":"https:\/\/www.repaircafe.nc\/?page_id=24#primaryimage","url":"https:\/\/www.repaircafe.nc\/wp-content\/uploads\/2017\/08\/Repair-cafe-6.jpg","contentUrl":"https:\/\/www.repaircafe.nc\/wp-content\/uploads\/2017\/08\/Repair-cafe-6.jpg","width":1200,"height":310},{"@type":"BreadcrumbList","@id":"https:\/\/www.repaircafe.nc\/?page_id=24#breadcrumb","itemListElement":[{"@type":"ListItem","position":1,"name":"Accueil","item":"https:\/\/www.repaircafe.nc\/"},{"@type":"ListItem","position":2,"name":"Le r\u00e8glement"}]},{"@type":"WebSite","@id":"https:\/\/www.repaircafe.nc\/#website","url":"https:\/\/www.repaircafe.nc\/","name":"Repair Caf\u00e9 Nouvelle-Cal\u00e9donie","description":"","potentialAction":[{"@type":"SearchAction","target":{"@type":"EntryPoint","urlTemplate":"https:\/\/www.repaircafe.nc\/?s={search_term_string}"},"query-input":{"@type":"PropertyValueSpecification","valueRequired":true,"valueName":"search_term_string"}}],"inLanguage":"fr-FR"}]}},"_links":{"self":[{"href":"https:\/\/www.repaircafe.nc\/index.php?rest_route=\/wp\/v2\/pages\/24","targetHints":{"allow":["GET"]}}],"collection":[{"href":"https:\/\/www.repaircafe.nc\/index.php?rest_route=\/wp\/v2\/pages"}],"about":[{"href":"https:\/\/www.repaircafe.nc\/index.php?rest_route=\/wp\/v2\/types\/page"}],"author":[{"embeddable":true,"href":"https:\/\/www.repaircafe.nc\/index.php?rest_route=\/wp\/v2\/users\/1"}],"replies":[{"embeddable":true,"href":"https:\/\/www.repaircafe.nc\/index.php?rest_route=%2Fwp%2Fv2%2Fcomments&post=24"}],"version-history":[{"count":0,"href":"https:\/\/www.repaircafe.nc\/index.php?rest_route=\/wp\/v2\/pages\/24\/revisions"}],"wp:attachment":[{"href":"https:\/\/www.repaircafe.nc\/index.php?rest_route=%2Fwp%2Fv2%2Fmedia&parent=24"}],"curies":[{"name":"wp","href":"https:\/\/api.w.org\/{rel}","templated":true}]}}