{"id":1699,"date":"2022-04-20T10:38:01","date_gmt":"2022-04-19T23:38:01","guid":{"rendered":"https:\/\/www.repaircafe.nc\/?page_id=1699"},"modified":"2022-04-20T10:40:22","modified_gmt":"2022-04-19T23:40:22","slug":"reparable","status":"publish","type":"page","link":"https:\/\/www.repaircafe.nc\/?page_id=1699","title":{"rendered":"R\u00e9parable ?"},"content":{"rendered":"\n<p>Les b\u00e9n\u00e9voles du Repair Caf\u00e9 mettent \u00e0 disposition toutes leurs comp\u00e9tences, leurs outils et leur \u00e9coute pour vous aider \u00e0 r\u00e9parer vos objets. Afin de faciliter la prise en charge et la r\u00e9paration, nous vous proposons ces quelques conseils :<\/p>\n\n\n\n<h2 class=\"wp-block-heading\">Conditions de prise en charge des objets<\/h2>\n\n\n\n<ul class=\"wp-block-list\"><li>objet <strong>propre<\/strong> (exemple : aspirateur vid\u00e9 ou avec sac neuf)<\/li><li>objet <strong>complet<\/strong> pour \u00eatre test\u00e9 :<ul><li>appareil <strong>\u00e9lectrique<\/strong> : apportez c\u00e2ble, chargeur, piles neuves, adaptateur secteur&#8230;<\/li><li><strong>accessoires<\/strong> : apportez bol de blender, r\u00e9servoir de cafeti\u00e8re&#8230;<\/li><li><strong>consommables<\/strong> : apportez dosettes de caf\u00e9, sac d&rsquo;aspirateur&#8230;<\/li><li>tout ce qui est n\u00e9cessaire au fonctionnement normal de l&rsquo;objet : ampoule, CD, cl\u00e9&#8230;<\/li><\/ul><\/li><\/ul>\n\n\n\n<p>Dans le cas o\u00f9 vous savez qu&rsquo;un \u00e9l\u00e9ment sp\u00e9cifique est \u00e0 changer, amenez la <strong>pi\u00e8ce de remplacement<\/strong> pour effectuer la r\u00e9paration ensemble. Nous n&rsquo;avons pas de stock !<\/p>\n\n\n\n<h2 class=\"wp-block-heading\"><strong>Objets non pris en charge<\/strong><\/h2>\n\n\n\n<ul class=\"wp-block-list\"><li>objet <strong>sale<\/strong><\/li><li>objet <strong>incomplet<\/strong><\/li><li>objet trop us\u00e9 ou oxyd\u00e9 et <strong>ind\u00e9montable<\/strong><\/li><li>appareil \u00e9lectrique ne fonctionnant pas sur le <strong>r\u00e9seau \u00e9lectrique<\/strong> classique (220V)<\/li><li>objet <strong>trop encombrant<\/strong> ou lourd : l&rsquo;objet doit pouvoir \u00eatre pos\u00e9 sur une table<ul><li><strong>non pris en charge : gros electrom\u00e9nager<\/strong> (r\u00e9frig\u00e9rateur, lave-linge, lave-vaisselle, plaque de cuisson, four\u2026)<\/li><\/ul><\/li><li>appareil n\u00e9cessitant une <strong>connexion<\/strong> \u00e0 un r\u00e9seau (TNT, satellite, box internet, wifi \u2026)<\/li><li>appareil multim\u00e9dia paraissant fonctionner mais ayant un <strong>comportement anormal<\/strong> (ordinateur, tablette, smartphone, TV, appareil multim\u00e9dia, casque, \u00e9couteurs, enceintes\u2026) <\/li><li><strong>imprimante<\/strong><\/li><li>appareil bloqu\u00e9 par un <strong>code<\/strong><\/li><\/ul>\n\n\n\n<p>Si la recherche du dysfonctionnement ou sa r\u00e9solution demandent trop de temps, nous pourrons vous donner un avis, un diagnostic et des conseils et nous vous orienterons vers un r\u00e9parateur.<\/p>\n\n\n\n<figure class=\"wp-block-image size-large\"><img loading=\"lazy\" decoding=\"async\" width=\"1024\" height=\"768\" src=\"https:\/\/www.repaircafe.nc\/wp-content\/uploads\/2021\/02\/IMG_20210213_111145-1024x768.jpg\" alt=\"\" class=\"wp-image-1514\" srcset=\"https:\/\/www.repaircafe.nc\/wp-content\/uploads\/2021\/02\/IMG_20210213_111145-1024x768.jpg 1024w, https:\/\/www.repaircafe.nc\/wp-content\/uploads\/2021\/02\/IMG_20210213_111145-300x225.jpg 300w, https:\/\/www.repaircafe.nc\/wp-content\/uploads\/2021\/02\/IMG_20210213_111145-768x576.jpg 768w, https:\/\/www.repaircafe.nc\/wp-content\/uploads\/2021\/02\/IMG_20210213_111145-1536x1152.jpg 1536w, https:\/\/www.repaircafe.nc\/wp-content\/uploads\/2021\/02\/IMG_20210213_111145-2048x1536.jpg 2048w, https:\/\/www.repaircafe.nc\/wp-content\/uploads\/2021\/02\/IMG_20210213_111145-900x675.jpg 900w, https:\/\/www.repaircafe.nc\/wp-content\/uploads\/2021\/02\/IMG_20210213_111145-1280x960.jpg 1280w, https:\/\/www.repaircafe.nc\/wp-content\/uploads\/2021\/02\/IMG_20210213_111145.jpg 1600w\" sizes=\"auto, (max-width: 1024px) 100vw, 1024px\" \/><\/figure>\n","protected":false},"excerpt":{"rendered":"<p>Les b\u00e9n\u00e9voles du Repair Caf\u00e9 mettent \u00e0 disposition toutes leurs comp\u00e9tences, leurs outils et leur \u00e9coute pour vous aider \u00e0 r\u00e9parer vos objets. Afin de faciliter la prise en charge et la r\u00e9paration, nous vous proposons ces quelques conseils : Conditions de prise en charge des objets objet propre (exemple : aspirateur vid\u00e9 ou avec [&hellip;]<\/p>\n","protected":false},"author":6,"featured_media":0,"parent":0,"menu_order":0,"comment_status":"closed","ping_status":"closed","template":"","meta":{"footnotes":""},"class_list":["post-1699","page","type-page","status-publish","hentry"],"yoast_head":"<!-- This site is optimized with the Yoast SEO plugin v27.6 - https:\/\/yoast.com\/product\/yoast-seo-wordpress\/ -->\n<title>R\u00e9parable ? - Repair Caf\u00e9 Nouvelle-Cal\u00e9donie<\/title>\n<meta name=\"robots\" content=\"index, follow, max-snippet:-1, max-image-preview:large, max-video-preview:-1\" \/>\n<link rel=\"canonical\" href=\"https:\/\/www.repaircafe.nc\/?page_id=1699\" \/>\n<meta property=\"og:locale\" content=\"fr_FR\" \/>\n<meta property=\"og:type\" content=\"article\" \/>\n<meta property=\"og:title\" content=\"R\u00e9parable ? - Repair Caf\u00e9 Nouvelle-Cal\u00e9donie\" \/>\n<meta property=\"og:description\" content=\"Les b\u00e9n\u00e9voles du Repair Caf\u00e9 mettent \u00e0 disposition toutes leurs comp\u00e9tences, leurs outils et leur \u00e9coute pour vous aider \u00e0 r\u00e9parer vos objets. Afin de faciliter la prise en charge et la r\u00e9paration, nous vous proposons ces quelques conseils : Conditions de prise en charge des objets objet propre (exemple : aspirateur vid\u00e9 ou avec [&hellip;]\" \/>\n<meta property=\"og:url\" content=\"https:\/\/www.repaircafe.nc\/?page_id=1699\" \/>\n<meta property=\"og:site_name\" content=\"Repair Caf\u00e9 Nouvelle-Cal\u00e9donie\" \/>\n<meta property=\"article:modified_time\" content=\"2022-04-19T23:40:22+00:00\" \/>\n<meta property=\"og:image\" content=\"https:\/\/www.repaircafe.nc\/wp-content\/uploads\/2021\/02\/IMG_20210213_111145-1024x768.jpg\" \/>\n<meta name=\"twitter:card\" content=\"summary_large_image\" \/>\n<meta name=\"twitter:label1\" content=\"Dur\u00e9e de lecture estim\u00e9e\" \/>\n\t<meta name=\"twitter:data1\" content=\"2 minutes\" \/>\n<script type=\"application\/ld+json\" class=\"yoast-schema-graph\">{\"@context\":\"https:\\\/\\\/schema.org\",\"@graph\":[{\"@type\":\"WebPage\",\"@id\":\"https:\\\/\\\/www.repaircafe.nc\\\/?page_id=1699\",\"url\":\"https:\\\/\\\/www.repaircafe.nc\\\/?page_id=1699\",\"name\":\"R\u00e9parable ? - Repair Caf\u00e9 Nouvelle-Cal\u00e9donie\",\"isPartOf\":{\"@id\":\"https:\\\/\\\/www.repaircafe.nc\\\/#website\"},\"primaryImageOfPage\":{\"@id\":\"https:\\\/\\\/www.repaircafe.nc\\\/?page_id=1699#primaryimage\"},\"image\":{\"@id\":\"https:\\\/\\\/www.repaircafe.nc\\\/?page_id=1699#primaryimage\"},\"thumbnailUrl\":\"https:\\\/\\\/www.repaircafe.nc\\\/wp-content\\\/uploads\\\/2021\\\/02\\\/IMG_20210213_111145-1024x768.jpg\",\"datePublished\":\"2022-04-19T23:38:01+00:00\",\"dateModified\":\"2022-04-19T23:40:22+00:00\",\"breadcrumb\":{\"@id\":\"https:\\\/\\\/www.repaircafe.nc\\\/?page_id=1699#breadcrumb\"},\"inLanguage\":\"fr-FR\",\"potentialAction\":[{\"@type\":\"ReadAction\",\"target\":[\"https:\\\/\\\/www.repaircafe.nc\\\/?page_id=1699\"]}]},{\"@type\":\"ImageObject\",\"inLanguage\":\"fr-FR\",\"@id\":\"https:\\\/\\\/www.repaircafe.nc\\\/?page_id=1699#primaryimage\",\"url\":\"https:\\\/\\\/www.repaircafe.nc\\\/wp-content\\\/uploads\\\/2021\\\/02\\\/IMG_20210213_111145.jpg\",\"contentUrl\":\"https:\\\/\\\/www.repaircafe.nc\\\/wp-content\\\/uploads\\\/2021\\\/02\\\/IMG_20210213_111145.jpg\",\"width\":1600,\"height\":1200},{\"@type\":\"BreadcrumbList\",\"@id\":\"https:\\\/\\\/www.repaircafe.nc\\\/?page_id=1699#breadcrumb\",\"itemListElement\":[{\"@type\":\"ListItem\",\"position\":1,\"name\":\"Accueil\",\"item\":\"https:\\\/\\\/www.repaircafe.nc\\\/\"},{\"@type\":\"ListItem\",\"position\":2,\"name\":\"R\u00e9parable ?\"}]},{\"@type\":\"WebSite\",\"@id\":\"https:\\\/\\\/www.repaircafe.nc\\\/#website\",\"url\":\"https:\\\/\\\/www.repaircafe.nc\\\/\",\"name\":\"Repair Caf\u00e9 Nouvelle-Cal\u00e9donie\",\"description\":\"\",\"potentialAction\":[{\"@type\":\"SearchAction\",\"target\":{\"@type\":\"EntryPoint\",\"urlTemplate\":\"https:\\\/\\\/www.repaircafe.nc\\\/?s={search_term_string}\"},\"query-input\":{\"@type\":\"PropertyValueSpecification\",\"valueRequired\":true,\"valueName\":\"search_term_string\"}}],\"inLanguage\":\"fr-FR\"}]}<\/script>\n<!-- \/ Yoast SEO plugin. -->","yoast_head_json":{"title":"R\u00e9parable ? - Repair Caf\u00e9 Nouvelle-Cal\u00e9donie","robots":{"index":"index","follow":"follow","max-snippet":"max-snippet:-1","max-image-preview":"max-image-preview:large","max-video-preview":"max-video-preview:-1"},"canonical":"https:\/\/www.repaircafe.nc\/?page_id=1699","og_locale":"fr_FR","og_type":"article","og_title":"R\u00e9parable ? - Repair Caf\u00e9 Nouvelle-Cal\u00e9donie","og_description":"Les b\u00e9n\u00e9voles du Repair Caf\u00e9 mettent \u00e0 disposition toutes leurs comp\u00e9tences, leurs outils et leur \u00e9coute pour vous aider \u00e0 r\u00e9parer vos objets. Afin de faciliter la prise en charge et la r\u00e9paration, nous vous proposons ces quelques conseils : Conditions de prise en charge des objets objet propre (exemple : aspirateur vid\u00e9 ou avec [&hellip;]","og_url":"https:\/\/www.repaircafe.nc\/?page_id=1699","og_site_name":"Repair Caf\u00e9 Nouvelle-Cal\u00e9donie","article_modified_time":"2022-04-19T23:40:22+00:00","og_image":[{"url":"https:\/\/www.repaircafe.nc\/wp-content\/uploads\/2021\/02\/IMG_20210213_111145-1024x768.jpg","type":"","width":"","height":""}],"twitter_card":"summary_large_image","twitter_misc":{"Dur\u00e9e de lecture estim\u00e9e":"2 minutes"},"schema":{"@context":"https:\/\/schema.org","@graph":[{"@type":"WebPage","@id":"https:\/\/www.repaircafe.nc\/?page_id=1699","url":"https:\/\/www.repaircafe.nc\/?page_id=1699","name":"R\u00e9parable ? - Repair Caf\u00e9 Nouvelle-Cal\u00e9donie","isPartOf":{"@id":"https:\/\/www.repaircafe.nc\/#website"},"primaryImageOfPage":{"@id":"https:\/\/www.repaircafe.nc\/?page_id=1699#primaryimage"},"image":{"@id":"https:\/\/www.repaircafe.nc\/?page_id=1699#primaryimage"},"thumbnailUrl":"https:\/\/www.repaircafe.nc\/wp-content\/uploads\/2021\/02\/IMG_20210213_111145-1024x768.jpg","datePublished":"2022-04-19T23:38:01+00:00","dateModified":"2022-04-19T23:40:22+00:00","breadcrumb":{"@id":"https:\/\/www.repaircafe.nc\/?page_id=1699#breadcrumb"},"inLanguage":"fr-FR","potentialAction":[{"@type":"ReadAction","target":["https:\/\/www.repaircafe.nc\/?page_id=1699"]}]},{"@type":"ImageObject","inLanguage":"fr-FR","@id":"https:\/\/www.repaircafe.nc\/?page_id=1699#primaryimage","url":"https:\/\/www.repaircafe.nc\/wp-content\/uploads\/2021\/02\/IMG_20210213_111145.jpg","contentUrl":"https:\/\/www.repaircafe.nc\/wp-content\/uploads\/2021\/02\/IMG_20210213_111145.jpg","width":1600,"height":1200},{"@type":"BreadcrumbList","@id":"https:\/\/www.repaircafe.nc\/?page_id=1699#breadcrumb","itemListElement":[{"@type":"ListItem","position":1,"name":"Accueil","item":"https:\/\/www.repaircafe.nc\/"},{"@type":"ListItem","position":2,"name":"R\u00e9parable ?"}]},{"@type":"WebSite","@id":"https:\/\/www.repaircafe.nc\/#website","url":"https:\/\/www.repaircafe.nc\/","name":"Repair Caf\u00e9 Nouvelle-Cal\u00e9donie","description":"","potentialAction":[{"@type":"SearchAction","target":{"@type":"EntryPoint","urlTemplate":"https:\/\/www.repaircafe.nc\/?s={search_term_string}"},"query-input":{"@type":"PropertyValueSpecification","valueRequired":true,"valueName":"search_term_string"}}],"inLanguage":"fr-FR"}]}},"_links":{"self":[{"href":"https:\/\/www.repaircafe.nc\/index.php?rest_route=\/wp\/v2\/pages\/1699","targetHints":{"allow":["GET"]}}],"collection":[{"href":"https:\/\/www.repaircafe.nc\/index.php?rest_route=\/wp\/v2\/pages"}],"about":[{"href":"https:\/\/www.repaircafe.nc\/index.php?rest_route=\/wp\/v2\/types\/page"}],"author":[{"embeddable":true,"href":"https:\/\/www.repaircafe.nc\/index.php?rest_route=\/wp\/v2\/users\/6"}],"replies":[{"embeddable":true,"href":"https:\/\/www.repaircafe.nc\/index.php?rest_route=%2Fwp%2Fv2%2Fcomments&post=1699"}],"version-history":[{"count":4,"href":"https:\/\/www.repaircafe.nc\/index.php?rest_route=\/wp\/v2\/pages\/1699\/revisions"}],"predecessor-version":[{"id":2511,"href":"https:\/\/www.repaircafe.nc\/index.php?rest_route=\/wp\/v2\/pages\/1699\/revisions\/2511"}],"wp:attachment":[{"href":"https:\/\/www.repaircafe.nc\/index.php?rest_route=%2Fwp%2Fv2%2Fmedia&parent=1699"}],"curies":[{"name":"wp","href":"https:\/\/api.w.org\/{rel}","templated":true}]}}