{"id":116,"date":"2017-08-04T03:35:59","date_gmt":"2017-08-04T03:35:59","guid":{"rendered":"http:\/\/www.repaircafe.nc\/?page_id=116"},"modified":"2019-01-27T03:08:44","modified_gmt":"2019-01-27T03:08:44","slug":"qui-est-a-lorigine","status":"publish","type":"page","link":"https:\/\/www.repaircafe.nc\/?page_id=116","title":{"rendered":"Naissance du Repair Caf\u00e9"},"content":{"rendered":"<blockquote><p>Comment est n\u00e9 le Repair Caf\u00e9 en Nouvelle-Cal\u00e9donie ?<\/p><\/blockquote>\n<p>C&rsquo;est en mars 2016 que la premi\u00e8re \u00e9dition du Repair Caf\u00e9 Nouvelle-Cal\u00e9donie a eu lieu dans le cadre d&rsquo;un des groupes de travail de Colibris Nouvelle-Cal\u00e9donie. Vous trouverez sa pr\u00e9sentation dans la rubrique <a href=\"http:\/\/colibris-wiki.org\/Nouvelle-Caledonie\/wakka.php?wiki=PagePrincipale\">\u00ab\u00a0Liens\u00a0\u00bb<\/a><\/p>\n<p>Le Repair Caf\u00e9 Nouvelle-Cal\u00e9donie est une \u00e9manation de la Fondation Repair Caf\u00e9 au niveau international, que nous vous pr\u00e9sentons ci-apr\u00e8s.<\/p>\n<blockquote><p>Qui a invent\u00e9 le concept du Repair Caf\u00e9 ?<\/p><\/blockquote>\n<p>C&rsquo;est la journaliste\/publiciste Martine Postma vivant \u00e0 Amsterdam qui a invent\u00e9 le concept du Repair Caf\u00e9. L&rsquo;id\u00e9e lui est venue d&rsquo;am\u00e9nager partout dans le pays des lieux de rencontre ouverts \u00e0 tou\u00b7te\u00b7s, o\u00f9 les habitant\u00b7e\u00b7s du quartier pourraient venir r\u00e9parer leurs objets en panne ou en mauvais \u00e9tat sous la conduite de gens du m\u00e9tier, ceci dans une ambiance conviviale.<\/p>\n<p>Le tout premier Repair Caf\u00e9 s&rsquo;est ouvert le 18 octobre 2009 \u00e0 Amsterdam et fut un vrai succ\u00e8s ; l&rsquo;initiative s&rsquo;est av\u00e9r\u00e9e r\u00e9pondre \u00e0 un besoin r\u00e9el.<\/p>\n<p><img loading=\"lazy\" decoding=\"async\" class=\"alignnone size-full wp-image-80\" src=\"https:\/\/www.repaircafe.nc\/wp-content\/uploads\/2017\/08\/repair-cafe-5.jpg\" alt=\"\" width=\"1200\" height=\"310\" srcset=\"https:\/\/www.repaircafe.nc\/wp-content\/uploads\/2017\/08\/repair-cafe-5.jpg 1200w, https:\/\/www.repaircafe.nc\/wp-content\/uploads\/2017\/08\/repair-cafe-5-300x78.jpg 300w, https:\/\/www.repaircafe.nc\/wp-content\/uploads\/2017\/08\/repair-cafe-5-768x198.jpg 768w, https:\/\/www.repaircafe.nc\/wp-content\/uploads\/2017\/08\/repair-cafe-5-1024x265.jpg 1024w, https:\/\/www.repaircafe.nc\/wp-content\/uploads\/2017\/08\/repair-cafe-5-900x233.jpg 900w\" sizes=\"auto, (max-width: 1200px) 100vw, 1200px\" \/><\/p>\n<blockquote><p>Que s&rsquo;est-il pass\u00e9 suite \u00e0 ce premier Repair caf\u00e9?<\/p><\/blockquote>\n<p>Le succ\u00e8s de ce premier Repair Caf\u00e9 a incit\u00e9 Martine Postma \u00e0 poursuivre cette id\u00e9e et \u00e0 fonder la Fondation Repair Caf\u00e9. Depuis 2011, cette fondation soutient des groupes locaux qui veulent d\u00e9marrer leur propre Repair Caf\u00e9 partout aux Pays-Bas et dans le monde.<\/p>\n<p>La Fondation Repair Caf\u00e9 se donne pour mission :<\/p>\n<ul>\n<li>de r\u00e9introduire dans la soci\u00e9t\u00e9 locale la r\u00e9paration des objets d\u2019une mani\u00e8re moderne ;<\/li>\n<li>de pr\u00e9server et transmettre le savoir-faire en mati\u00e8re de r\u00e9paration ;<\/li>\n<li>de favoriser la coh\u00e9sion sociale au sein de la soci\u00e9t\u00e9 locale en offrant aux voisin\u00b7e\u00b7s de quartier, tou\u00b7te\u00b7s tr\u00e8s diff\u00e9rent\u00b7e\u00b7s les un\u00b7e\u00b7s des autres par leurs milieux et leurs int\u00e9r\u00eats, l&rsquo;occasion de se rencontrer dans le cadre d&rsquo;une manifestation stimulante et ouverte \u00e0 tou\u00b7te\u00b7s.<\/li>\n<\/ul>\n<p><img loading=\"lazy\" decoding=\"async\" class=\"size-full wp-image-81 aligncenter\" src=\"https:\/\/www.repaircafe.nc\/wp-content\/uploads\/2017\/08\/Repair-cafe-6.jpg\" alt=\"\" width=\"1200\" height=\"310\" srcset=\"https:\/\/www.repaircafe.nc\/wp-content\/uploads\/2017\/08\/Repair-cafe-6.jpg 1200w, https:\/\/www.repaircafe.nc\/wp-content\/uploads\/2017\/08\/Repair-cafe-6-300x78.jpg 300w, https:\/\/www.repaircafe.nc\/wp-content\/uploads\/2017\/08\/Repair-cafe-6-768x198.jpg 768w, https:\/\/www.repaircafe.nc\/wp-content\/uploads\/2017\/08\/Repair-cafe-6-1024x265.jpg 1024w, https:\/\/www.repaircafe.nc\/wp-content\/uploads\/2017\/08\/Repair-cafe-6-900x233.jpg 900w\" sizes=\"auto, (max-width: 1200px) 100vw, 1200px\" \/><\/p>\n","protected":false},"excerpt":{"rendered":"<p>Comment est n\u00e9 le Repair Caf\u00e9 en Nouvelle-Cal\u00e9donie ? C&rsquo;est en mars 2016 que la premi\u00e8re \u00e9dition du Repair Caf\u00e9 Nouvelle-Cal\u00e9donie a eu lieu dans le cadre d&rsquo;un des groupes de travail de Colibris Nouvelle-Cal\u00e9donie. Vous trouverez sa pr\u00e9sentation dans la rubrique \u00ab\u00a0Liens\u00a0\u00bb Le Repair Caf\u00e9 Nouvelle-Cal\u00e9donie est une \u00e9manation de la Fondation Repair Caf\u00e9 [&hellip;]<\/p>\n","protected":false},"author":1,"featured_media":0,"parent":14,"menu_order":0,"comment_status":"closed","ping_status":"closed","template":"","meta":{"footnotes":""},"class_list":["post-116","page","type-page","status-publish","hentry"],"yoast_head":"<!-- This site is optimized with the Yoast SEO plugin v27.6 - https:\/\/yoast.com\/product\/yoast-seo-wordpress\/ -->\n<title>Naissance du Repair Caf\u00e9 - Repair Caf\u00e9 Nouvelle-Cal\u00e9donie<\/title>\n<meta name=\"robots\" content=\"index, follow, max-snippet:-1, max-image-preview:large, max-video-preview:-1\" \/>\n<link rel=\"canonical\" href=\"https:\/\/www.repaircafe.nc\/?page_id=116\" \/>\n<meta property=\"og:locale\" content=\"fr_FR\" \/>\n<meta property=\"og:type\" content=\"article\" \/>\n<meta property=\"og:title\" content=\"Naissance du Repair Caf\u00e9 - Repair Caf\u00e9 Nouvelle-Cal\u00e9donie\" \/>\n<meta property=\"og:description\" content=\"Comment est n\u00e9 le Repair Caf\u00e9 en Nouvelle-Cal\u00e9donie ? C&rsquo;est en mars 2016 que la premi\u00e8re \u00e9dition du Repair Caf\u00e9 Nouvelle-Cal\u00e9donie a eu lieu dans le cadre d&rsquo;un des groupes de travail de Colibris Nouvelle-Cal\u00e9donie. Vous trouverez sa pr\u00e9sentation dans la rubrique \u00ab\u00a0Liens\u00a0\u00bb Le Repair Caf\u00e9 Nouvelle-Cal\u00e9donie est une \u00e9manation de la Fondation Repair Caf\u00e9 [&hellip;]\" \/>\n<meta property=\"og:url\" content=\"https:\/\/www.repaircafe.nc\/?page_id=116\" \/>\n<meta property=\"og:site_name\" content=\"Repair Caf\u00e9 Nouvelle-Cal\u00e9donie\" \/>\n<meta property=\"article:modified_time\" content=\"2019-01-27T03:08:44+00:00\" \/>\n<meta property=\"og:image\" content=\"https:\/\/www.repaircafe.nc\/wp-content\/uploads\/2017\/08\/repair-cafe-5.jpg\" \/>\n<meta name=\"twitter:card\" content=\"summary_large_image\" \/>\n<meta name=\"twitter:label1\" content=\"Dur\u00e9e de lecture estim\u00e9e\" \/>\n\t<meta name=\"twitter:data1\" content=\"2 minutes\" \/>\n<script type=\"application\/ld+json\" class=\"yoast-schema-graph\">{\"@context\":\"https:\\\/\\\/schema.org\",\"@graph\":[{\"@type\":\"WebPage\",\"@id\":\"https:\\\/\\\/www.repaircafe.nc\\\/?page_id=116\",\"url\":\"https:\\\/\\\/www.repaircafe.nc\\\/?page_id=116\",\"name\":\"Naissance du Repair Caf\u00e9 - Repair Caf\u00e9 Nouvelle-Cal\u00e9donie\",\"isPartOf\":{\"@id\":\"https:\\\/\\\/www.repaircafe.nc\\\/#website\"},\"primaryImageOfPage\":{\"@id\":\"https:\\\/\\\/www.repaircafe.nc\\\/?page_id=116#primaryimage\"},\"image\":{\"@id\":\"https:\\\/\\\/www.repaircafe.nc\\\/?page_id=116#primaryimage\"},\"thumbnailUrl\":\"https:\\\/\\\/www.repaircafe.nc\\\/wp-content\\\/uploads\\\/2017\\\/08\\\/repair-cafe-5.jpg\",\"datePublished\":\"2017-08-04T03:35:59+00:00\",\"dateModified\":\"2019-01-27T03:08:44+00:00\",\"breadcrumb\":{\"@id\":\"https:\\\/\\\/www.repaircafe.nc\\\/?page_id=116#breadcrumb\"},\"inLanguage\":\"fr-FR\",\"potentialAction\":[{\"@type\":\"ReadAction\",\"target\":[\"https:\\\/\\\/www.repaircafe.nc\\\/?page_id=116\"]}]},{\"@type\":\"ImageObject\",\"inLanguage\":\"fr-FR\",\"@id\":\"https:\\\/\\\/www.repaircafe.nc\\\/?page_id=116#primaryimage\",\"url\":\"https:\\\/\\\/www.repaircafe.nc\\\/wp-content\\\/uploads\\\/2017\\\/08\\\/repair-cafe-5.jpg\",\"contentUrl\":\"https:\\\/\\\/www.repaircafe.nc\\\/wp-content\\\/uploads\\\/2017\\\/08\\\/repair-cafe-5.jpg\",\"width\":1200,\"height\":310},{\"@type\":\"BreadcrumbList\",\"@id\":\"https:\\\/\\\/www.repaircafe.nc\\\/?page_id=116#breadcrumb\",\"itemListElement\":[{\"@type\":\"ListItem\",\"position\":1,\"name\":\"Accueil\",\"item\":\"https:\\\/\\\/www.repaircafe.nc\\\/\"},{\"@type\":\"ListItem\",\"position\":2,\"name\":\"Pr\u00e9sentation du concept\",\"item\":\"https:\\\/\\\/www.repaircafe.nc\\\/?page_id=14\"},{\"@type\":\"ListItem\",\"position\":3,\"name\":\"Naissance du Repair Caf\u00e9\"}]},{\"@type\":\"WebSite\",\"@id\":\"https:\\\/\\\/www.repaircafe.nc\\\/#website\",\"url\":\"https:\\\/\\\/www.repaircafe.nc\\\/\",\"name\":\"Repair Caf\u00e9 Nouvelle-Cal\u00e9donie\",\"description\":\"\",\"potentialAction\":[{\"@type\":\"SearchAction\",\"target\":{\"@type\":\"EntryPoint\",\"urlTemplate\":\"https:\\\/\\\/www.repaircafe.nc\\\/?s={search_term_string}\"},\"query-input\":{\"@type\":\"PropertyValueSpecification\",\"valueRequired\":true,\"valueName\":\"search_term_string\"}}],\"inLanguage\":\"fr-FR\"}]}<\/script>\n<!-- \/ Yoast SEO plugin. -->","yoast_head_json":{"title":"Naissance du Repair Caf\u00e9 - Repair Caf\u00e9 Nouvelle-Cal\u00e9donie","robots":{"index":"index","follow":"follow","max-snippet":"max-snippet:-1","max-image-preview":"max-image-preview:large","max-video-preview":"max-video-preview:-1"},"canonical":"https:\/\/www.repaircafe.nc\/?page_id=116","og_locale":"fr_FR","og_type":"article","og_title":"Naissance du Repair Caf\u00e9 - Repair Caf\u00e9 Nouvelle-Cal\u00e9donie","og_description":"Comment est n\u00e9 le Repair Caf\u00e9 en Nouvelle-Cal\u00e9donie ? C&rsquo;est en mars 2016 que la premi\u00e8re \u00e9dition du Repair Caf\u00e9 Nouvelle-Cal\u00e9donie a eu lieu dans le cadre d&rsquo;un des groupes de travail de Colibris Nouvelle-Cal\u00e9donie. Vous trouverez sa pr\u00e9sentation dans la rubrique \u00ab\u00a0Liens\u00a0\u00bb Le Repair Caf\u00e9 Nouvelle-Cal\u00e9donie est une \u00e9manation de la Fondation Repair Caf\u00e9 [&hellip;]","og_url":"https:\/\/www.repaircafe.nc\/?page_id=116","og_site_name":"Repair Caf\u00e9 Nouvelle-Cal\u00e9donie","article_modified_time":"2019-01-27T03:08:44+00:00","og_image":[{"url":"https:\/\/www.repaircafe.nc\/wp-content\/uploads\/2017\/08\/repair-cafe-5.jpg","type":"","width":"","height":""}],"twitter_card":"summary_large_image","twitter_misc":{"Dur\u00e9e de lecture estim\u00e9e":"2 minutes"},"schema":{"@context":"https:\/\/schema.org","@graph":[{"@type":"WebPage","@id":"https:\/\/www.repaircafe.nc\/?page_id=116","url":"https:\/\/www.repaircafe.nc\/?page_id=116","name":"Naissance du Repair Caf\u00e9 - Repair Caf\u00e9 Nouvelle-Cal\u00e9donie","isPartOf":{"@id":"https:\/\/www.repaircafe.nc\/#website"},"primaryImageOfPage":{"@id":"https:\/\/www.repaircafe.nc\/?page_id=116#primaryimage"},"image":{"@id":"https:\/\/www.repaircafe.nc\/?page_id=116#primaryimage"},"thumbnailUrl":"https:\/\/www.repaircafe.nc\/wp-content\/uploads\/2017\/08\/repair-cafe-5.jpg","datePublished":"2017-08-04T03:35:59+00:00","dateModified":"2019-01-27T03:08:44+00:00","breadcrumb":{"@id":"https:\/\/www.repaircafe.nc\/?page_id=116#breadcrumb"},"inLanguage":"fr-FR","potentialAction":[{"@type":"ReadAction","target":["https:\/\/www.repaircafe.nc\/?page_id=116"]}]},{"@type":"ImageObject","inLanguage":"fr-FR","@id":"https:\/\/www.repaircafe.nc\/?page_id=116#primaryimage","url":"https:\/\/www.repaircafe.nc\/wp-content\/uploads\/2017\/08\/repair-cafe-5.jpg","contentUrl":"https:\/\/www.repaircafe.nc\/wp-content\/uploads\/2017\/08\/repair-cafe-5.jpg","width":1200,"height":310},{"@type":"BreadcrumbList","@id":"https:\/\/www.repaircafe.nc\/?page_id=116#breadcrumb","itemListElement":[{"@type":"ListItem","position":1,"name":"Accueil","item":"https:\/\/www.repaircafe.nc\/"},{"@type":"ListItem","position":2,"name":"Pr\u00e9sentation du concept","item":"https:\/\/www.repaircafe.nc\/?page_id=14"},{"@type":"ListItem","position":3,"name":"Naissance du Repair Caf\u00e9"}]},{"@type":"WebSite","@id":"https:\/\/www.repaircafe.nc\/#website","url":"https:\/\/www.repaircafe.nc\/","name":"Repair Caf\u00e9 Nouvelle-Cal\u00e9donie","description":"","potentialAction":[{"@type":"SearchAction","target":{"@type":"EntryPoint","urlTemplate":"https:\/\/www.repaircafe.nc\/?s={search_term_string}"},"query-input":{"@type":"PropertyValueSpecification","valueRequired":true,"valueName":"search_term_string"}}],"inLanguage":"fr-FR"}]}},"_links":{"self":[{"href":"https:\/\/www.repaircafe.nc\/index.php?rest_route=\/wp\/v2\/pages\/116","targetHints":{"allow":["GET"]}}],"collection":[{"href":"https:\/\/www.repaircafe.nc\/index.php?rest_route=\/wp\/v2\/pages"}],"about":[{"href":"https:\/\/www.repaircafe.nc\/index.php?rest_route=\/wp\/v2\/types\/page"}],"author":[{"embeddable":true,"href":"https:\/\/www.repaircafe.nc\/index.php?rest_route=\/wp\/v2\/users\/1"}],"replies":[{"embeddable":true,"href":"https:\/\/www.repaircafe.nc\/index.php?rest_route=%2Fwp%2Fv2%2Fcomments&post=116"}],"version-history":[{"count":0,"href":"https:\/\/www.repaircafe.nc\/index.php?rest_route=\/wp\/v2\/pages\/116\/revisions"}],"up":[{"embeddable":true,"href":"https:\/\/www.repaircafe.nc\/index.php?rest_route=\/wp\/v2\/pages\/14"}],"wp:attachment":[{"href":"https:\/\/www.repaircafe.nc\/index.php?rest_route=%2Fwp%2Fv2%2Fmedia&parent=116"}],"curies":[{"name":"wp","href":"https:\/\/api.w.org\/{rel}","templated":true}]}}