{"id":115,"date":"2017-08-04T03:35:09","date_gmt":"2017-08-04T03:35:09","guid":{"rendered":"http:\/\/www.repaircafe.nc\/?page_id=115"},"modified":"2019-01-27T03:05:50","modified_gmt":"2019-01-27T03:05:50","slug":"pourquoi","status":"publish","type":"page","link":"https:\/\/www.repaircafe.nc\/?page_id=115","title":{"rendered":"Pourquoi ?"},"content":{"rendered":"<blockquote><p>Pourquoi un Repair Caf\u00e9 ?<\/p><\/blockquote>\n<p>La soci\u00e9t\u00e9 occidentale est une soci\u00e9t\u00e9 de consommation. Nous achetons toujours plus et jetons toujours plus, \u00e9galement ce qui est \u00e0 peine ab\u00eem\u00e9 et qui serait parfaitement utilisable apr\u00e8s une simple r\u00e9paration. Mais pour bon nombre d&rsquo;entre-nous, r\u00e9parer n&rsquo;est plus chose normale. Ce n&rsquo;est plus un r\u00e9flexe car nous ne savons plus comment faire. Le savoir-faire en mati\u00e8re de r\u00e9paration se perd tr\u00e8s vite. Celles et ceux (artisans, personnes \u00e2g\u00e9es ou peu qualifi\u00e9es, passionn\u00e9\u00b7e\u00b7s de bricolage&#8230;) qui poss\u00e8dent encore ces connaissances pratiques ne sont pas toujours appr\u00e9ci\u00e9\u00b7e\u00b7s \u00e0 leur juste valeur dans nos soci\u00e9t\u00e9s, et en sont m\u00eame souvent exclu\u00b7e\u00b7s malgr\u00e9 elles\u00b7eux. Leurs comp\u00e9tences ne sont pas ou peu mises \u00e0 profit. Le Repair Caf\u00e9 souhaite changer la donne ! Celles et ceux qui peut-\u00eatre seraient autrement laiss\u00e9\u00b7e\u00b7s pour compte retrouvent une place. Un pr\u00e9cieux savoir-faire se transmet. Les objets remis en \u00e9tat sont plus longtemps utilisables et ne sont plus jet\u00e9s, r\u00e9duisant la consommation de mati\u00e8res premi\u00e8res et d\u2019\u00e9nergie n\u00e9cessaires \u00e0 la fabrication de nouveaux produits. Ce qui r\u00e9duit aussi les \u00e9missions de C02 ; car fabriquer de nouveaux objets &#8211; et leur recyclage &#8211; produit du C02.<\/p>\n<p>Le Repair Caf\u00e9 apprend aux gens \u00e0 voir autrement ce qu&rsquo;ils poss\u00e8dent, et \u00e0 en red\u00e9couvrir la valeur. La r\u00e9paration d\u2019objets favorise un changement de mentalit\u00e9, condition premi\u00e8re \u00e0 une soci\u00e9t\u00e9 durable construite par tou\u00b7te\u00b7s. Et surtout, le Repair Caf\u00e9 veut \u00eatre une exp\u00e9rience ludique et gratifiante de la r\u00e9paration qui s&rsquo;av\u00e8re souvent tr\u00e8s simple. Venez et essayez !<\/p>\n<p><img loading=\"lazy\" decoding=\"async\" class=\"alignnone size-full wp-image-75\" src=\"https:\/\/www.repaircafe.nc\/wp-content\/uploads\/2017\/08\/repair-cafe.jpg\" alt=\"\" width=\"1200\" height=\"310\" srcset=\"https:\/\/www.repaircafe.nc\/wp-content\/uploads\/2017\/08\/repair-cafe.jpg 1200w, https:\/\/www.repaircafe.nc\/wp-content\/uploads\/2017\/08\/repair-cafe-300x78.jpg 300w, https:\/\/www.repaircafe.nc\/wp-content\/uploads\/2017\/08\/repair-cafe-768x198.jpg 768w, https:\/\/www.repaircafe.nc\/wp-content\/uploads\/2017\/08\/repair-cafe-1024x265.jpg 1024w, https:\/\/www.repaircafe.nc\/wp-content\/uploads\/2017\/08\/repair-cafe-900x233.jpg 900w\" sizes=\"auto, (max-width: 1200px) 100vw, 1200px\" \/><\/p>\n","protected":false},"excerpt":{"rendered":"<p>Pourquoi un Repair Caf\u00e9 ? La soci\u00e9t\u00e9 occidentale est une soci\u00e9t\u00e9 de consommation. Nous achetons toujours plus et jetons toujours plus, \u00e9galement ce qui est \u00e0 peine ab\u00eem\u00e9 et qui serait parfaitement utilisable apr\u00e8s une simple r\u00e9paration. Mais pour bon nombre d&rsquo;entre-nous, r\u00e9parer n&rsquo;est plus chose normale. Ce n&rsquo;est plus un r\u00e9flexe car nous ne [&hellip;]<\/p>\n","protected":false},"author":1,"featured_media":0,"parent":14,"menu_order":0,"comment_status":"closed","ping_status":"closed","template":"","meta":{"footnotes":""},"class_list":["post-115","page","type-page","status-publish","hentry"],"yoast_head":"<!-- This site is optimized with the Yoast SEO plugin v27.3 - https:\/\/yoast.com\/product\/yoast-seo-wordpress\/ -->\n<title>Pourquoi ? - Repair Caf\u00e9 Nouvelle-Cal\u00e9donie<\/title>\n<meta name=\"robots\" content=\"index, follow, max-snippet:-1, max-image-preview:large, max-video-preview:-1\" \/>\n<link rel=\"canonical\" href=\"https:\/\/www.repaircafe.nc\/?page_id=115\" \/>\n<meta property=\"og:locale\" content=\"fr_FR\" \/>\n<meta property=\"og:type\" content=\"article\" \/>\n<meta property=\"og:title\" content=\"Pourquoi ? - Repair Caf\u00e9 Nouvelle-Cal\u00e9donie\" \/>\n<meta property=\"og:description\" content=\"Pourquoi un Repair Caf\u00e9 ? La soci\u00e9t\u00e9 occidentale est une soci\u00e9t\u00e9 de consommation. Nous achetons toujours plus et jetons toujours plus, \u00e9galement ce qui est \u00e0 peine ab\u00eem\u00e9 et qui serait parfaitement utilisable apr\u00e8s une simple r\u00e9paration. Mais pour bon nombre d&rsquo;entre-nous, r\u00e9parer n&rsquo;est plus chose normale. Ce n&rsquo;est plus un r\u00e9flexe car nous ne [&hellip;]\" \/>\n<meta property=\"og:url\" content=\"https:\/\/www.repaircafe.nc\/?page_id=115\" \/>\n<meta property=\"og:site_name\" content=\"Repair Caf\u00e9 Nouvelle-Cal\u00e9donie\" \/>\n<meta property=\"article:modified_time\" content=\"2019-01-27T03:05:50+00:00\" \/>\n<meta property=\"og:image\" content=\"https:\/\/www.repaircafe.nc\/wp-content\/uploads\/2017\/08\/repair-cafe.jpg\" \/>\n<meta name=\"twitter:card\" content=\"summary_large_image\" \/>\n<meta name=\"twitter:label1\" content=\"Dur\u00e9e de lecture estim\u00e9e\" \/>\n\t<meta name=\"twitter:data1\" content=\"1 minute\" \/>\n<script type=\"application\/ld+json\" class=\"yoast-schema-graph\">{\"@context\":\"https:\\\/\\\/schema.org\",\"@graph\":[{\"@type\":\"WebPage\",\"@id\":\"https:\\\/\\\/www.repaircafe.nc\\\/?page_id=115\",\"url\":\"https:\\\/\\\/www.repaircafe.nc\\\/?page_id=115\",\"name\":\"Pourquoi ? - Repair Caf\u00e9 Nouvelle-Cal\u00e9donie\",\"isPartOf\":{\"@id\":\"https:\\\/\\\/www.repaircafe.nc\\\/#website\"},\"primaryImageOfPage\":{\"@id\":\"https:\\\/\\\/www.repaircafe.nc\\\/?page_id=115#primaryimage\"},\"image\":{\"@id\":\"https:\\\/\\\/www.repaircafe.nc\\\/?page_id=115#primaryimage\"},\"thumbnailUrl\":\"https:\\\/\\\/www.repaircafe.nc\\\/wp-content\\\/uploads\\\/2017\\\/08\\\/repair-cafe.jpg\",\"datePublished\":\"2017-08-04T03:35:09+00:00\",\"dateModified\":\"2019-01-27T03:05:50+00:00\",\"breadcrumb\":{\"@id\":\"https:\\\/\\\/www.repaircafe.nc\\\/?page_id=115#breadcrumb\"},\"inLanguage\":\"fr-FR\",\"potentialAction\":[{\"@type\":\"ReadAction\",\"target\":[\"https:\\\/\\\/www.repaircafe.nc\\\/?page_id=115\"]}]},{\"@type\":\"ImageObject\",\"inLanguage\":\"fr-FR\",\"@id\":\"https:\\\/\\\/www.repaircafe.nc\\\/?page_id=115#primaryimage\",\"url\":\"https:\\\/\\\/www.repaircafe.nc\\\/wp-content\\\/uploads\\\/2017\\\/08\\\/repair-cafe.jpg\",\"contentUrl\":\"https:\\\/\\\/www.repaircafe.nc\\\/wp-content\\\/uploads\\\/2017\\\/08\\\/repair-cafe.jpg\",\"width\":1200,\"height\":310},{\"@type\":\"BreadcrumbList\",\"@id\":\"https:\\\/\\\/www.repaircafe.nc\\\/?page_id=115#breadcrumb\",\"itemListElement\":[{\"@type\":\"ListItem\",\"position\":1,\"name\":\"Accueil\",\"item\":\"https:\\\/\\\/www.repaircafe.nc\\\/\"},{\"@type\":\"ListItem\",\"position\":2,\"name\":\"Pr\u00e9sentation du concept\",\"item\":\"https:\\\/\\\/www.repaircafe.nc\\\/?page_id=14\"},{\"@type\":\"ListItem\",\"position\":3,\"name\":\"Pourquoi ?\"}]},{\"@type\":\"WebSite\",\"@id\":\"https:\\\/\\\/www.repaircafe.nc\\\/#website\",\"url\":\"https:\\\/\\\/www.repaircafe.nc\\\/\",\"name\":\"Repair Caf\u00e9 Nouvelle-Cal\u00e9donie\",\"description\":\"\",\"potentialAction\":[{\"@type\":\"SearchAction\",\"target\":{\"@type\":\"EntryPoint\",\"urlTemplate\":\"https:\\\/\\\/www.repaircafe.nc\\\/?s={search_term_string}\"},\"query-input\":{\"@type\":\"PropertyValueSpecification\",\"valueRequired\":true,\"valueName\":\"search_term_string\"}}],\"inLanguage\":\"fr-FR\"}]}<\/script>\n<!-- \/ Yoast SEO plugin. -->","yoast_head_json":{"title":"Pourquoi ? - Repair Caf\u00e9 Nouvelle-Cal\u00e9donie","robots":{"index":"index","follow":"follow","max-snippet":"max-snippet:-1","max-image-preview":"max-image-preview:large","max-video-preview":"max-video-preview:-1"},"canonical":"https:\/\/www.repaircafe.nc\/?page_id=115","og_locale":"fr_FR","og_type":"article","og_title":"Pourquoi ? - Repair Caf\u00e9 Nouvelle-Cal\u00e9donie","og_description":"Pourquoi un Repair Caf\u00e9 ? La soci\u00e9t\u00e9 occidentale est une soci\u00e9t\u00e9 de consommation. Nous achetons toujours plus et jetons toujours plus, \u00e9galement ce qui est \u00e0 peine ab\u00eem\u00e9 et qui serait parfaitement utilisable apr\u00e8s une simple r\u00e9paration. Mais pour bon nombre d&rsquo;entre-nous, r\u00e9parer n&rsquo;est plus chose normale. Ce n&rsquo;est plus un r\u00e9flexe car nous ne [&hellip;]","og_url":"https:\/\/www.repaircafe.nc\/?page_id=115","og_site_name":"Repair Caf\u00e9 Nouvelle-Cal\u00e9donie","article_modified_time":"2019-01-27T03:05:50+00:00","og_image":[{"url":"https:\/\/www.repaircafe.nc\/wp-content\/uploads\/2017\/08\/repair-cafe.jpg","type":"","width":"","height":""}],"twitter_card":"summary_large_image","twitter_misc":{"Dur\u00e9e de lecture estim\u00e9e":"1 minute"},"schema":{"@context":"https:\/\/schema.org","@graph":[{"@type":"WebPage","@id":"https:\/\/www.repaircafe.nc\/?page_id=115","url":"https:\/\/www.repaircafe.nc\/?page_id=115","name":"Pourquoi ? - Repair Caf\u00e9 Nouvelle-Cal\u00e9donie","isPartOf":{"@id":"https:\/\/www.repaircafe.nc\/#website"},"primaryImageOfPage":{"@id":"https:\/\/www.repaircafe.nc\/?page_id=115#primaryimage"},"image":{"@id":"https:\/\/www.repaircafe.nc\/?page_id=115#primaryimage"},"thumbnailUrl":"https:\/\/www.repaircafe.nc\/wp-content\/uploads\/2017\/08\/repair-cafe.jpg","datePublished":"2017-08-04T03:35:09+00:00","dateModified":"2019-01-27T03:05:50+00:00","breadcrumb":{"@id":"https:\/\/www.repaircafe.nc\/?page_id=115#breadcrumb"},"inLanguage":"fr-FR","potentialAction":[{"@type":"ReadAction","target":["https:\/\/www.repaircafe.nc\/?page_id=115"]}]},{"@type":"ImageObject","inLanguage":"fr-FR","@id":"https:\/\/www.repaircafe.nc\/?page_id=115#primaryimage","url":"https:\/\/www.repaircafe.nc\/wp-content\/uploads\/2017\/08\/repair-cafe.jpg","contentUrl":"https:\/\/www.repaircafe.nc\/wp-content\/uploads\/2017\/08\/repair-cafe.jpg","width":1200,"height":310},{"@type":"BreadcrumbList","@id":"https:\/\/www.repaircafe.nc\/?page_id=115#breadcrumb","itemListElement":[{"@type":"ListItem","position":1,"name":"Accueil","item":"https:\/\/www.repaircafe.nc\/"},{"@type":"ListItem","position":2,"name":"Pr\u00e9sentation du concept","item":"https:\/\/www.repaircafe.nc\/?page_id=14"},{"@type":"ListItem","position":3,"name":"Pourquoi ?"}]},{"@type":"WebSite","@id":"https:\/\/www.repaircafe.nc\/#website","url":"https:\/\/www.repaircafe.nc\/","name":"Repair Caf\u00e9 Nouvelle-Cal\u00e9donie","description":"","potentialAction":[{"@type":"SearchAction","target":{"@type":"EntryPoint","urlTemplate":"https:\/\/www.repaircafe.nc\/?s={search_term_string}"},"query-input":{"@type":"PropertyValueSpecification","valueRequired":true,"valueName":"search_term_string"}}],"inLanguage":"fr-FR"}]}},"_links":{"self":[{"href":"https:\/\/www.repaircafe.nc\/index.php?rest_route=\/wp\/v2\/pages\/115","targetHints":{"allow":["GET"]}}],"collection":[{"href":"https:\/\/www.repaircafe.nc\/index.php?rest_route=\/wp\/v2\/pages"}],"about":[{"href":"https:\/\/www.repaircafe.nc\/index.php?rest_route=\/wp\/v2\/types\/page"}],"author":[{"embeddable":true,"href":"https:\/\/www.repaircafe.nc\/index.php?rest_route=\/wp\/v2\/users\/1"}],"replies":[{"embeddable":true,"href":"https:\/\/www.repaircafe.nc\/index.php?rest_route=%2Fwp%2Fv2%2Fcomments&post=115"}],"version-history":[{"count":0,"href":"https:\/\/www.repaircafe.nc\/index.php?rest_route=\/wp\/v2\/pages\/115\/revisions"}],"up":[{"embeddable":true,"href":"https:\/\/www.repaircafe.nc\/index.php?rest_route=\/wp\/v2\/pages\/14"}],"wp:attachment":[{"href":"https:\/\/www.repaircafe.nc\/index.php?rest_route=%2Fwp%2Fv2%2Fmedia&parent=115"}],"curies":[{"name":"wp","href":"https:\/\/api.w.org\/{rel}","templated":true}]}}