{"id":114,"date":"2017-08-04T03:34:02","date_gmt":"2017-08-04T03:34:02","guid":{"rendered":"http:\/\/www.repaircafe.nc\/?page_id=114"},"modified":"2019-01-27T02:06:37","modified_gmt":"2019-01-27T02:06:37","slug":"cest-quoi","status":"publish","type":"page","link":"https:\/\/www.repaircafe.nc\/?page_id=114","title":{"rendered":"C\u2019est quoi ?"},"content":{"rendered":"<blockquote><p>Qu&rsquo;est-ce qu&rsquo;un Repair Caf\u00e9 ?<\/p><\/blockquote>\n<p>Le Repair Caf\u00e9 est un mouvement citoyen de b\u00e9n\u00e9voles qui \u0153uvrent autour de la r\u00e9paration. Au sein des diff\u00e9rents lieux d\u2019accueil des \u00e9ditions du Repair Caf\u00e9 se trouvent le mat\u00e9riel et les outils n\u00e9cessaires pour entreprendre tous types de r\u00e9parations: des retouches de v\u00eatements, des r\u00e9parations de meubles, d\u2019appareils \u00e9lectriques et \u00e9lectroniques, de bicyclettes, d\u2019appareils m\u00e9caniques, de vaisselle, d\u2019ustensiles, de jouets, etc. Vous pouvez r\u00e9parer votre objet seul\u00b7e ou avec l\u2019aide d\u2019expert\u00b7e\u00b7s, ces dernier\u00b7\u00e8re\u00b7s poss\u00e9dant une connaissance et une comp\u00e9tence de la r\u00e9paration dans toutes sortes de domaines. En fonction de la r\u00e9paration, vous serez guid\u00e9\u00b7e vers une solution par nos r\u00e9parateur\u00b7rice\u00b7s ou redirig\u00e9\u00b7e vers un\u00b7e professionnel\u00b7le du secteur.<\/p>\n<p><img loading=\"lazy\" decoding=\"async\" class=\"alignnone size-full wp-image-75\" src=\"https:\/\/www.repaircafe.nc\/wp-content\/uploads\/2017\/08\/repair-cafe.jpg\" alt=\"\" width=\"1200\" height=\"310\" srcset=\"https:\/\/www.repaircafe.nc\/wp-content\/uploads\/2017\/08\/repair-cafe.jpg 1200w, https:\/\/www.repaircafe.nc\/wp-content\/uploads\/2017\/08\/repair-cafe-300x78.jpg 300w, https:\/\/www.repaircafe.nc\/wp-content\/uploads\/2017\/08\/repair-cafe-768x198.jpg 768w, https:\/\/www.repaircafe.nc\/wp-content\/uploads\/2017\/08\/repair-cafe-1024x265.jpg 1024w, https:\/\/www.repaircafe.nc\/wp-content\/uploads\/2017\/08\/repair-cafe-900x233.jpg 900w\" sizes=\"auto, (max-width: 1200px) 100vw, 1200px\" \/><\/p>\n","protected":false},"excerpt":{"rendered":"<p>Qu&rsquo;est-ce qu&rsquo;un Repair Caf\u00e9 ? Le Repair Caf\u00e9 est un mouvement citoyen de b\u00e9n\u00e9voles qui \u0153uvrent autour de la r\u00e9paration. Au sein des diff\u00e9rents lieux d\u2019accueil des \u00e9ditions du Repair Caf\u00e9 se trouvent le mat\u00e9riel et les outils n\u00e9cessaires pour entreprendre tous types de r\u00e9parations: des retouches de v\u00eatements, des r\u00e9parations de meubles, d\u2019appareils \u00e9lectriques [&hellip;]<\/p>\n","protected":false},"author":1,"featured_media":0,"parent":14,"menu_order":0,"comment_status":"closed","ping_status":"closed","template":"","meta":{"footnotes":""},"class_list":["post-114","page","type-page","status-publish","hentry"],"yoast_head":"<!-- This site is optimized with the Yoast SEO plugin v27.4 - https:\/\/yoast.com\/product\/yoast-seo-wordpress\/ -->\n<title>C\u2019est quoi ? - Repair Caf\u00e9 Nouvelle-Cal\u00e9donie<\/title>\n<meta name=\"robots\" content=\"index, follow, max-snippet:-1, max-image-preview:large, max-video-preview:-1\" \/>\n<link rel=\"canonical\" href=\"https:\/\/www.repaircafe.nc\/?page_id=114\" \/>\n<meta property=\"og:locale\" content=\"fr_FR\" \/>\n<meta property=\"og:type\" content=\"article\" \/>\n<meta property=\"og:title\" content=\"C\u2019est quoi ? - Repair Caf\u00e9 Nouvelle-Cal\u00e9donie\" \/>\n<meta property=\"og:description\" content=\"Qu&rsquo;est-ce qu&rsquo;un Repair Caf\u00e9 ? Le Repair Caf\u00e9 est un mouvement citoyen de b\u00e9n\u00e9voles qui \u0153uvrent autour de la r\u00e9paration. Au sein des diff\u00e9rents lieux d\u2019accueil des \u00e9ditions du Repair Caf\u00e9 se trouvent le mat\u00e9riel et les outils n\u00e9cessaires pour entreprendre tous types de r\u00e9parations: des retouches de v\u00eatements, des r\u00e9parations de meubles, d\u2019appareils \u00e9lectriques [&hellip;]\" \/>\n<meta property=\"og:url\" content=\"https:\/\/www.repaircafe.nc\/?page_id=114\" \/>\n<meta property=\"og:site_name\" content=\"Repair Caf\u00e9 Nouvelle-Cal\u00e9donie\" \/>\n<meta property=\"article:modified_time\" content=\"2019-01-27T02:06:37+00:00\" \/>\n<meta property=\"og:image\" content=\"https:\/\/www.repaircafe.nc\/wp-content\/uploads\/2017\/08\/repair-cafe.jpg\" \/>\n<meta name=\"twitter:card\" content=\"summary_large_image\" \/>\n<meta name=\"twitter:label1\" content=\"Dur\u00e9e de lecture estim\u00e9e\" \/>\n\t<meta name=\"twitter:data1\" content=\"1 minute\" \/>\n<script type=\"application\/ld+json\" class=\"yoast-schema-graph\">{\"@context\":\"https:\\\/\\\/schema.org\",\"@graph\":[{\"@type\":\"WebPage\",\"@id\":\"https:\\\/\\\/www.repaircafe.nc\\\/?page_id=114\",\"url\":\"https:\\\/\\\/www.repaircafe.nc\\\/?page_id=114\",\"name\":\"C\u2019est quoi ? - Repair Caf\u00e9 Nouvelle-Cal\u00e9donie\",\"isPartOf\":{\"@id\":\"https:\\\/\\\/www.repaircafe.nc\\\/#website\"},\"primaryImageOfPage\":{\"@id\":\"https:\\\/\\\/www.repaircafe.nc\\\/?page_id=114#primaryimage\"},\"image\":{\"@id\":\"https:\\\/\\\/www.repaircafe.nc\\\/?page_id=114#primaryimage\"},\"thumbnailUrl\":\"https:\\\/\\\/www.repaircafe.nc\\\/wp-content\\\/uploads\\\/2017\\\/08\\\/repair-cafe.jpg\",\"datePublished\":\"2017-08-04T03:34:02+00:00\",\"dateModified\":\"2019-01-27T02:06:37+00:00\",\"breadcrumb\":{\"@id\":\"https:\\\/\\\/www.repaircafe.nc\\\/?page_id=114#breadcrumb\"},\"inLanguage\":\"fr-FR\",\"potentialAction\":[{\"@type\":\"ReadAction\",\"target\":[\"https:\\\/\\\/www.repaircafe.nc\\\/?page_id=114\"]}]},{\"@type\":\"ImageObject\",\"inLanguage\":\"fr-FR\",\"@id\":\"https:\\\/\\\/www.repaircafe.nc\\\/?page_id=114#primaryimage\",\"url\":\"https:\\\/\\\/www.repaircafe.nc\\\/wp-content\\\/uploads\\\/2017\\\/08\\\/repair-cafe.jpg\",\"contentUrl\":\"https:\\\/\\\/www.repaircafe.nc\\\/wp-content\\\/uploads\\\/2017\\\/08\\\/repair-cafe.jpg\",\"width\":1200,\"height\":310},{\"@type\":\"BreadcrumbList\",\"@id\":\"https:\\\/\\\/www.repaircafe.nc\\\/?page_id=114#breadcrumb\",\"itemListElement\":[{\"@type\":\"ListItem\",\"position\":1,\"name\":\"Accueil\",\"item\":\"https:\\\/\\\/www.repaircafe.nc\\\/\"},{\"@type\":\"ListItem\",\"position\":2,\"name\":\"Pr\u00e9sentation du concept\",\"item\":\"https:\\\/\\\/www.repaircafe.nc\\\/?page_id=14\"},{\"@type\":\"ListItem\",\"position\":3,\"name\":\"C\u2019est quoi ?\"}]},{\"@type\":\"WebSite\",\"@id\":\"https:\\\/\\\/www.repaircafe.nc\\\/#website\",\"url\":\"https:\\\/\\\/www.repaircafe.nc\\\/\",\"name\":\"Repair Caf\u00e9 Nouvelle-Cal\u00e9donie\",\"description\":\"\",\"potentialAction\":[{\"@type\":\"SearchAction\",\"target\":{\"@type\":\"EntryPoint\",\"urlTemplate\":\"https:\\\/\\\/www.repaircafe.nc\\\/?s={search_term_string}\"},\"query-input\":{\"@type\":\"PropertyValueSpecification\",\"valueRequired\":true,\"valueName\":\"search_term_string\"}}],\"inLanguage\":\"fr-FR\"}]}<\/script>\n<!-- \/ Yoast SEO plugin. -->","yoast_head_json":{"title":"C\u2019est quoi ? - Repair Caf\u00e9 Nouvelle-Cal\u00e9donie","robots":{"index":"index","follow":"follow","max-snippet":"max-snippet:-1","max-image-preview":"max-image-preview:large","max-video-preview":"max-video-preview:-1"},"canonical":"https:\/\/www.repaircafe.nc\/?page_id=114","og_locale":"fr_FR","og_type":"article","og_title":"C\u2019est quoi ? - Repair Caf\u00e9 Nouvelle-Cal\u00e9donie","og_description":"Qu&rsquo;est-ce qu&rsquo;un Repair Caf\u00e9 ? Le Repair Caf\u00e9 est un mouvement citoyen de b\u00e9n\u00e9voles qui \u0153uvrent autour de la r\u00e9paration. Au sein des diff\u00e9rents lieux d\u2019accueil des \u00e9ditions du Repair Caf\u00e9 se trouvent le mat\u00e9riel et les outils n\u00e9cessaires pour entreprendre tous types de r\u00e9parations: des retouches de v\u00eatements, des r\u00e9parations de meubles, d\u2019appareils \u00e9lectriques [&hellip;]","og_url":"https:\/\/www.repaircafe.nc\/?page_id=114","og_site_name":"Repair Caf\u00e9 Nouvelle-Cal\u00e9donie","article_modified_time":"2019-01-27T02:06:37+00:00","og_image":[{"url":"https:\/\/www.repaircafe.nc\/wp-content\/uploads\/2017\/08\/repair-cafe.jpg","type":"","width":"","height":""}],"twitter_card":"summary_large_image","twitter_misc":{"Dur\u00e9e de lecture estim\u00e9e":"1 minute"},"schema":{"@context":"https:\/\/schema.org","@graph":[{"@type":"WebPage","@id":"https:\/\/www.repaircafe.nc\/?page_id=114","url":"https:\/\/www.repaircafe.nc\/?page_id=114","name":"C\u2019est quoi ? - Repair Caf\u00e9 Nouvelle-Cal\u00e9donie","isPartOf":{"@id":"https:\/\/www.repaircafe.nc\/#website"},"primaryImageOfPage":{"@id":"https:\/\/www.repaircafe.nc\/?page_id=114#primaryimage"},"image":{"@id":"https:\/\/www.repaircafe.nc\/?page_id=114#primaryimage"},"thumbnailUrl":"https:\/\/www.repaircafe.nc\/wp-content\/uploads\/2017\/08\/repair-cafe.jpg","datePublished":"2017-08-04T03:34:02+00:00","dateModified":"2019-01-27T02:06:37+00:00","breadcrumb":{"@id":"https:\/\/www.repaircafe.nc\/?page_id=114#breadcrumb"},"inLanguage":"fr-FR","potentialAction":[{"@type":"ReadAction","target":["https:\/\/www.repaircafe.nc\/?page_id=114"]}]},{"@type":"ImageObject","inLanguage":"fr-FR","@id":"https:\/\/www.repaircafe.nc\/?page_id=114#primaryimage","url":"https:\/\/www.repaircafe.nc\/wp-content\/uploads\/2017\/08\/repair-cafe.jpg","contentUrl":"https:\/\/www.repaircafe.nc\/wp-content\/uploads\/2017\/08\/repair-cafe.jpg","width":1200,"height":310},{"@type":"BreadcrumbList","@id":"https:\/\/www.repaircafe.nc\/?page_id=114#breadcrumb","itemListElement":[{"@type":"ListItem","position":1,"name":"Accueil","item":"https:\/\/www.repaircafe.nc\/"},{"@type":"ListItem","position":2,"name":"Pr\u00e9sentation du concept","item":"https:\/\/www.repaircafe.nc\/?page_id=14"},{"@type":"ListItem","position":3,"name":"C\u2019est quoi ?"}]},{"@type":"WebSite","@id":"https:\/\/www.repaircafe.nc\/#website","url":"https:\/\/www.repaircafe.nc\/","name":"Repair Caf\u00e9 Nouvelle-Cal\u00e9donie","description":"","potentialAction":[{"@type":"SearchAction","target":{"@type":"EntryPoint","urlTemplate":"https:\/\/www.repaircafe.nc\/?s={search_term_string}"},"query-input":{"@type":"PropertyValueSpecification","valueRequired":true,"valueName":"search_term_string"}}],"inLanguage":"fr-FR"}]}},"_links":{"self":[{"href":"https:\/\/www.repaircafe.nc\/index.php?rest_route=\/wp\/v2\/pages\/114","targetHints":{"allow":["GET"]}}],"collection":[{"href":"https:\/\/www.repaircafe.nc\/index.php?rest_route=\/wp\/v2\/pages"}],"about":[{"href":"https:\/\/www.repaircafe.nc\/index.php?rest_route=\/wp\/v2\/types\/page"}],"author":[{"embeddable":true,"href":"https:\/\/www.repaircafe.nc\/index.php?rest_route=\/wp\/v2\/users\/1"}],"replies":[{"embeddable":true,"href":"https:\/\/www.repaircafe.nc\/index.php?rest_route=%2Fwp%2Fv2%2Fcomments&post=114"}],"version-history":[{"count":0,"href":"https:\/\/www.repaircafe.nc\/index.php?rest_route=\/wp\/v2\/pages\/114\/revisions"}],"up":[{"embeddable":true,"href":"https:\/\/www.repaircafe.nc\/index.php?rest_route=\/wp\/v2\/pages\/14"}],"wp:attachment":[{"href":"https:\/\/www.repaircafe.nc\/index.php?rest_route=%2Fwp%2Fv2%2Fmedia&parent=114"}],"curies":[{"name":"wp","href":"https:\/\/api.w.org\/{rel}","templated":true}]}}